{"id":125,"date":"2024-01-10T11:39:43","date_gmt":"2024-01-10T10:39:43","guid":{"rendered":"https:\/\/hicoworking.es\/?page_id=125"},"modified":"2024-01-10T11:42:49","modified_gmt":"2024-01-10T10:42:49","slug":"network","status":"publish","type":"page","link":"https:\/\/hicoworking.es\/?page_id=125","title":{"rendered":"Network y consultor\u00eda"},"content":{"rendered":"\t\t<div data-elementor-type=\"wp-page\" data-elementor-id=\"125\" class=\"elementor elementor-125\">\n\t\t\t\t<div class=\"elementor-element elementor-element-eebeb42 e-flex e-con-boxed e-con e-parent\" data-id=\"eebeb42\" data-element_type=\"container\">\n\t\t\t\t\t<div class=\"e-con-inner\">\n\t\t\t\t<div class=\"elementor-element elementor-element-b6851a9 elementor-widget elementor-widget-heading\" data-id=\"b6851a9\" data-element_type=\"widget\" data-widget_type=\"heading.default\">\n\t\t\t\t<div class=\"elementor-widget-container\">\n\t\t\t<style>\/*! elementor - v3.23.0 - 05-08-2024 *\/\n.elementor-heading-title{padding:0;margin:0;line-height:1}.elementor-widget-heading .elementor-heading-title[class*=elementor-size-]>a{color:inherit;font-size:inherit;line-height:inherit}.elementor-widget-heading .elementor-heading-title.elementor-size-small{font-size:15px}.elementor-widget-heading .elementor-heading-title.elementor-size-medium{font-size:19px}.elementor-widget-heading .elementor-heading-title.elementor-size-large{font-size:29px}.elementor-widget-heading .elementor-heading-title.elementor-size-xl{font-size:39px}.elementor-widget-heading .elementor-heading-title.elementor-size-xxl{font-size:59px}<\/style><h2 class=\"elementor-heading-title elementor-size-default\"><h2 data-elementor-setting-key=\"title\" data-pen-placeholder=\"Teclea aqu\u00ed...\" style=\"font-family: var( --e-global-typography-primary-font-family ), Sans-serif; font-style: normal; font-weight: var( --e-global-typography-primary-font-weight );\"><\/h2><h2 data-elementor-setting-key=\"title\" data-pen-placeholder=\"Teclea aqu\u00ed...\" style=\"font-family: Alexandria, sans-serif; font-size: 40px; font-style: normal; color: rgb(63, 202, 182);\">Servicio Network y consultor\u00eda<\/h2><\/h2>\t\t<\/div>\n\t\t\t\t<\/div>\n\t\t\t\t\t<\/div>\n\t\t\t\t<\/div>\n\t\t<div class=\"elementor-element elementor-element-4b879b0 e-flex e-con-boxed e-con e-parent\" data-id=\"4b879b0\" data-element_type=\"container\">\n\t\t\t\t\t<div class=\"e-con-inner\">\n\t\t\t\t<div class=\"elementor-element elementor-element-63b8a2a elementor-widget elementor-widget-text-editor\" data-id=\"63b8a2a\" data-element_type=\"widget\" data-widget_type=\"text-editor.default\">\n\t\t\t\t<div class=\"elementor-widget-container\">\n\t\t\t<style>\/*! elementor - v3.23.0 - 05-08-2024 *\/\n.elementor-widget-text-editor.elementor-drop-cap-view-stacked .elementor-drop-cap{background-color:#69727d;color:#fff}.elementor-widget-text-editor.elementor-drop-cap-view-framed .elementor-drop-cap{color:#69727d;border:3px solid;background-color:transparent}.elementor-widget-text-editor:not(.elementor-drop-cap-view-default) .elementor-drop-cap{margin-top:8px}.elementor-widget-text-editor:not(.elementor-drop-cap-view-default) .elementor-drop-cap-letter{width:1em;height:1em}.elementor-widget-text-editor .elementor-drop-cap{float:left;text-align:center;line-height:1;font-size:50px}.elementor-widget-text-editor .elementor-drop-cap-letter{display:inline-block}<\/style>\t\t\t\t<p><strong>Networking y Consultor\u00eda en Hi Coworking: Conecta y Crece con Expertos<\/strong><\/p><p>En Hi Coworking, nos enorgullecemos de impulsar el \u00e9xito empresarial a trav\u00e9s de nuestros innovadores servicios de networking y consultor\u00eda. Entendemos la importancia de establecer conexiones valiosas y obtener asesoramiento experto, y por eso hemos creado un espacio donde la colaboraci\u00f3n y el crecimiento profesional van de la mano.<\/p><p><strong>Networking Estrat\u00e9gico: Conectando Empresas para Crear Sinergias<\/strong><\/p><p>Nuestro servicio de networking te ofrece la oportunidad \u00fanica de conectar con empresas dentro de tu sector o de diferentes sectores, fomentando un ambiente donde las sinergias pueden florecer. Ya sea para una colaboraci\u00f3n a corto plazo o una asociaci\u00f3n a largo plazo, Hi Coworking es el lugar donde las relaciones estrat\u00e9gicas comienzan.<\/p><p><strong>Consultor\u00eda Profesional: Asesoramiento a Medida para tu Negocio<\/strong><\/p><p>En Hi Coworking, no solo facilitamos conexiones; tambi\u00e9n ofrecemos un servicio de consultor\u00eda de alta calidad. Nuestros consultores expertos est\u00e1n disponibles para proporcionarte asesoramiento personalizado, ayud\u00e1ndote a navegar por los desaf\u00edos del mercado y a identificar oportunidades de crecimiento.<\/p><p><strong>Eventos de Networking y Talleres: Aprendizaje y Conexi\u00f3n en Acci\u00f3n<\/strong><\/p><p>Regularmente organizamos eventos de networking y talleres, brindando una plataforma ideal para el intercambio de ideas, la adquisici\u00f3n de conocimientos y el establecimiento de contactos valiosos. Estos eventos est\u00e1n dise\u00f1ados para inspirar y motivar, asegurando que cada miembro de Hi Coworking tenga las herramientas necesarias para triunfar.<\/p><p><strong>Una Comunidad de Innovadores y L\u00edderes<\/strong><\/p><p>Al unirte a Hi Coworking, te conviertes en parte de una comunidad vibrante de innovadores y l\u00edderes empresariales. Aqu\u00ed, el networking y la consultor\u00eda van m\u00e1s all\u00e1 del asesoramiento; se trata de construir una red de apoyo y fomentar un entorno donde todos puedan prosperar.<\/p><p><strong>Descubre C\u00f3mo Podemos Ayudarte a Crecer<\/strong><\/p><p>Estamos comprometidos con tu \u00e9xito. Si est\u00e1s interesado en nuestros servicios de networking y consultor\u00eda en Hi Coworking, cont\u00e1ctanos hoy. Descubre c\u00f3mo podemos ayudarte a conectar, aprender y crecer en tu camino hacia el \u00e9xito empresarial.<\/p>\t\t\t\t\t\t<\/div>\n\t\t\t\t<\/div>\n\t\t\t\t\t<\/div>\n\t\t\t\t<\/div>\n\t\t<div class=\"elementor-element elementor-element-7d042b3 e-flex e-con-boxed e-con e-parent\" data-id=\"7d042b3\" data-element_type=\"container\">\n\t\t\t\t\t<div class=\"e-con-inner\">\n\t\t\t\t<div class=\"elementor-element elementor-element-22e42ca elementor-widget elementor-widget-wpforms\" data-id=\"22e42ca\" data-element_type=\"widget\" data-widget_type=\"wpforms.default\">\n\t\t\t\t<div class=\"elementor-widget-container\">\n\t\t\t<style id=\"wpforms-css-vars-root\">\n\t\t\t\t:root {\n\t\t\t\t\t--wpforms-field-border-radius: 3px;\n--wpforms-field-border-style: solid;\n--wpforms-field-border-size: 1px;\n--wpforms-field-background-color: #ffffff;\n--wpforms-field-border-color: rgba( 0, 0, 0, 0.25 );\n--wpforms-field-border-color-spare: rgba( 0, 0, 0, 0.25 );\n--wpforms-field-text-color: rgba( 0, 0, 0, 0.7 );\n--wpforms-field-menu-color: #ffffff;\n--wpforms-label-color: rgba( 0, 0, 0, 0.85 );\n--wpforms-label-sublabel-color: rgba( 0, 0, 0, 0.55 );\n--wpforms-label-error-color: #d63637;\n--wpforms-button-border-radius: 3px;\n--wpforms-button-border-style: none;\n--wpforms-button-border-size: 1px;\n--wpforms-button-background-color: #066aab;\n--wpforms-button-border-color: #066aab;\n--wpforms-button-text-color: #ffffff;\n--wpforms-page-break-color: #066aab;\n--wpforms-background-image: none;\n--wpforms-background-position: center center;\n--wpforms-background-repeat: no-repeat;\n--wpforms-background-size: cover;\n--wpforms-background-width: 100px;\n--wpforms-background-height: 100px;\n--wpforms-background-color: rgba( 0, 0, 0, 0 );\n--wpforms-background-url: none;\n--wpforms-container-padding: 0px;\n--wpforms-container-border-style: none;\n--wpforms-container-border-width: 1px;\n--wpforms-container-border-color: #000000;\n--wpforms-container-border-radius: 3px;\n--wpforms-field-size-input-height: 43px;\n--wpforms-field-size-input-spacing: 15px;\n--wpforms-field-size-font-size: 16px;\n--wpforms-field-size-line-height: 19px;\n--wpforms-field-size-padding-h: 14px;\n--wpforms-field-size-checkbox-size: 16px;\n--wpforms-field-size-sublabel-spacing: 5px;\n--wpforms-field-size-icon-size: 1;\n--wpforms-label-size-font-size: 16px;\n--wpforms-label-size-line-height: 19px;\n--wpforms-label-size-sublabel-font-size: 14px;\n--wpforms-label-size-sublabel-line-height: 17px;\n--wpforms-button-size-font-size: 17px;\n--wpforms-button-size-height: 41px;\n--wpforms-button-size-padding-h: 15px;\n--wpforms-button-size-margin-top: 10px;\n--wpforms-container-shadow-size-box-shadow: none;\n\n\t\t\t\t}\n\t\t\t<\/style><style id=\"wpforms-css-vars-elementor-widget-22e42ca\">\n\t\t\t\t.elementor-widget-wpforms.elementor-element-22e42ca {\n\t\t\t\t\t--wpforms-field-size-input-height: 43px;\n--wpforms-field-size-input-spacing: 15px;\n--wpforms-field-size-font-size: 16px;\n--wpforms-field-size-line-height: 19px;\n--wpforms-field-size-padding-h: 14px;\n--wpforms-field-size-checkbox-size: 16px;\n--wpforms-field-size-sublabel-spacing: 5px;\n--wpforms-field-size-icon-size: 1;\n--wpforms-label-size-font-size: 16px;\n--wpforms-label-size-line-height: 19px;\n--wpforms-label-size-sublabel-font-size: 14px;\n--wpforms-label-size-sublabel-line-height: 17px;\n--wpforms-button-size-font-size: 17px;\n--wpforms-button-size-height: 41px;\n--wpforms-button-size-padding-h: 15px;\n--wpforms-button-size-margin-top: 10px;\n\n\t\t\t\t}\n\t\t\t<\/style><div class=\"wpforms-container wpforms-container-full wpforms-render-modern\" id=\"wpforms-27\"><form id=\"wpforms-form-27\" class=\"wpforms-validate wpforms-form wpforms-ajax-form\" data-formid=\"27\" method=\"post\" enctype=\"multipart\/form-data\" action=\"\/index.php?rest_route=%2Fwp%2Fv2%2Fpages%2F125\" data-token=\"fb30c443f9a103bf6e8c2bd4954c776d\" data-token-time=\"1775504333\"><noscript class=\"wpforms-error-noscript\">Please enable JavaScript in your browser to complete this form.<\/noscript><div class=\"wpforms-hidden\" id=\"wpforms-error-noscript\">Please enable JavaScript in your browser to complete this form.<\/div><div class=\"wpforms-field-container\"><div id=\"wpforms-27-field_0-container\" class=\"wpforms-field wpforms-field-name\" data-field-id=\"0\"><label class=\"wpforms-field-label\" for=\"wpforms-27-field_0\">Nombre <span class=\"wpforms-required-label\" aria-hidden=\"true\">*<\/span><\/label><input type=\"text\" id=\"wpforms-27-field_0\" class=\"wpforms-field-small wpforms-field-required\" name=\"wpforms[fields][0]\" aria-errormessage=\"wpforms-27-field_0-error\" required><\/div><div id=\"wpforms-27-field_4-container\" class=\"wpforms-field wpforms-field-text\" data-field-id=\"4\"><label class=\"wpforms-field-label\" for=\"wpforms-27-field_4\">Tel\u00e9fono <span class=\"wpforms-required-label\" aria-hidden=\"true\">*<\/span><\/label><input type=\"text\" id=\"wpforms-27-field_4\" class=\"wpforms-field-small wpforms-field-required\" name=\"wpforms[fields][4]\" aria-errormessage=\"wpforms-27-field_4-error\" required><\/div><div id=\"wpforms-27-field_1-container\" class=\"wpforms-field wpforms-field-email\" data-field-id=\"1\"><label class=\"wpforms-field-label\" for=\"wpforms-27-field_1\">Correo electr\u00f3nico <span class=\"wpforms-required-label\" aria-hidden=\"true\">*<\/span><\/label><input type=\"email\" id=\"wpforms-27-field_1\" class=\"wpforms-field-small wpforms-field-required\" name=\"wpforms[fields][1]\" spellcheck=\"false\" aria-errormessage=\"wpforms-27-field_1-error\" required><\/div><div id=\"wpforms-27-field_2-container\" class=\"wpforms-field wpforms-field-textarea\" data-field-id=\"2\"><label class=\"wpforms-field-label\" for=\"wpforms-27-field_2\">Mensaje<\/label><textarea id=\"wpforms-27-field_2\" class=\"wpforms-field-small\" name=\"wpforms[fields][2]\" aria-errormessage=\"wpforms-27-field_2-error\" ><\/textarea><\/div><\/div><!-- .wpforms-field-container --><div class=\"wpforms-submit-container\" ><input type=\"hidden\" name=\"wpforms[id]\" value=\"27\"><input type=\"hidden\" name=\"page_title\" value=\"\"><input type=\"hidden\" name=\"page_url\" value=\"https:\/\/hicoworking.es\/index.php?rest_route=%2Fwp%2Fv2%2Fpages%2F125\"><button type=\"submit\" name=\"wpforms[submit]\" id=\"wpforms-submit-27\" class=\"wpforms-submit\" data-alt-text=\"Enviando...\" data-submit-text=\"Enviar\" aria-live=\"assertive\" value=\"wpforms-submit\">Enviar<\/button><img decoding=\"async\" src=\"https:\/\/hicoworking.es\/wp-content\/plugins\/wpforms-lite\/assets\/images\/submit-spin.svg\" class=\"wpforms-submit-spinner\" style=\"display: none;\" width=\"26\" height=\"26\" alt=\"Loading\"><\/div><\/form><\/div>  <!-- .wpforms-container -->\t\t<\/div>\n\t\t\t\t<\/div>\n\t\t\t\t\t<\/div>\n\t\t\t\t<\/div>\n\t\t\t\t<\/div>\n\t\t","protected":false},"excerpt":{"rendered":"<p>Servicio Network y consultor\u00eda Networking y Consultor\u00eda en Hi Coworking: Conecta y Crece con Expertos En Hi Coworking, nos enorgullecemos de impulsar el \u00e9xito empresarial a trav\u00e9s de nuestros innovadores servicios de networking y consultor\u00eda. Entendemos la importancia de establecer conexiones valiosas y obtener asesoramiento experto, y por eso hemos creado un espacio donde la &#8230; <a title=\"Network y consultor\u00eda\" class=\"read-more\" href=\"https:\/\/hicoworking.es\/?page_id=125\" aria-label=\"More on Network y consultor\u00eda\">Read more<\/a><\/p>\n","protected":false},"author":1,"featured_media":0,"parent":90,"menu_order":0,"comment_status":"closed","ping_status":"closed","template":"","meta":{"om_disable_all_campaigns":false,"_monsterinsights_skip_tracking":false,"_monsterinsights_sitenote_active":false,"_monsterinsights_sitenote_note":"","_monsterinsights_sitenote_category":0,"_uf_show_specific_survey":0,"_uf_disable_surveys":false,"footnotes":""},"class_list":["post-125","page","type-page","status-publish"],"aioseo_notices":[],"_links":{"self":[{"href":"https:\/\/hicoworking.es\/index.php?rest_route=\/wp\/v2\/pages\/125","targetHints":{"allow":["GET"]}}],"collection":[{"href":"https:\/\/hicoworking.es\/index.php?rest_route=\/wp\/v2\/pages"}],"about":[{"href":"https:\/\/hicoworking.es\/index.php?rest_route=\/wp\/v2\/types\/page"}],"author":[{"embeddable":true,"href":"https:\/\/hicoworking.es\/index.php?rest_route=\/wp\/v2\/users\/1"}],"replies":[{"embeddable":true,"href":"https:\/\/hicoworking.es\/index.php?rest_route=%2Fwp%2Fv2%2Fcomments&post=125"}],"version-history":[{"count":5,"href":"https:\/\/hicoworking.es\/index.php?rest_route=\/wp\/v2\/pages\/125\/revisions"}],"predecessor-version":[{"id":130,"href":"https:\/\/hicoworking.es\/index.php?rest_route=\/wp\/v2\/pages\/125\/revisions\/130"}],"up":[{"embeddable":true,"href":"https:\/\/hicoworking.es\/index.php?rest_route=\/wp\/v2\/pages\/90"}],"wp:attachment":[{"href":"https:\/\/hicoworking.es\/index.php?rest_route=%2Fwp%2Fv2%2Fmedia&parent=125"}],"curies":[{"name":"wp","href":"https:\/\/api.w.org\/{rel}","templated":true}]}}